{"id":15,"date":"2019-03-14T16:30:59","date_gmt":"2019-03-14T15:30:59","guid":{"rendered":"http:\/\/upratovanie.biz\/?page_id=15"},"modified":"2022-01-26T19:04:29","modified_gmt":"2022-01-26T18:04:29","slug":"upratovacia-spolocnost","status":"publish","type":"page","link":"https:\/\/upratovanie.biz\/","title":{"rendered":"Domov"},"content":{"rendered":"\n<p>Kontaktn\u00e9 \u00fadaje:<\/p>\n\n\n\n<p>Telef\u00f3n: 0917 786 688<\/p>\n\n\n\n<p>E-mail: info@upratovanie.biz<\/p>\n","protected":false},"excerpt":{"rendered":"<p>Kontaktn\u00e9 \u00fadaje: Telef\u00f3n: 0917 786 688 E-mail: info@upratovanie.biz<\/p>\n","protected":false},"author":1,"featured_media":29,"parent":0,"menu_order":0,"comment_status":"closed","ping_status":"closed","template":"","meta":{"_monsterinsights_skip_tracking":false,"_monsterinsights_sitenote_active":false,"_monsterinsights_sitenote_note":"","_monsterinsights_sitenote_category":0},"_links":{"self":[{"href":"https:\/\/upratovanie.biz\/index.php?rest_route=\/wp\/v2\/pages\/15"}],"collection":[{"href":"https:\/\/upratovanie.biz\/index.php?rest_route=\/wp\/v2\/pages"}],"about":[{"href":"https:\/\/upratovanie.biz\/index.php?rest_route=\/wp\/v2\/types\/page"}],"author":[{"embeddable":true,"href":"https:\/\/upratovanie.biz\/index.php?rest_route=\/wp\/v2\/users\/1"}],"replies":[{"embeddable":true,"href":"https:\/\/upratovanie.biz\/index.php?rest_route=%2Fwp%2Fv2%2Fcomments&post=15"}],"version-history":[{"count":6,"href":"https:\/\/upratovanie.biz\/index.php?rest_route=\/wp\/v2\/pages\/15\/revisions"}],"predecessor-version":[{"id":70,"href":"https:\/\/upratovanie.biz\/index.php?rest_route=\/wp\/v2\/pages\/15\/revisions\/70"}],"wp:featuredmedia":[{"embeddable":true,"href":"https:\/\/upratovanie.biz\/index.php?rest_route=\/wp\/v2\/media\/29"}],"wp:attachment":[{"href":"https:\/\/upratovanie.biz\/index.php?rest_route=%2Fwp%2Fv2%2Fmedia&parent=15"}],"curies":[{"name":"wp","href":"https:\/\/api.w.org\/{rel}","templated":true}]}}